{"id":118,"date":"2017-01-05T09:57:00","date_gmt":"2017-01-05T08:57:00","guid":{"rendered":"http:\/\/hdpsycho.fr\/?page_id=118"},"modified":"2025-12-27T16:44:54","modified_gmt":"2025-12-27T15:44:54","slug":"contact","status":"publish","type":"page","link":"https:\/\/opsymum.fr\/index.php\/contact\/","title":{"rendered":"Contact"},"content":{"rendered":"\n<p>Mobile : +33 613555413<\/p>\n\n\n\n<p>Mail : contact@opsymum.fr<\/p>\n\n\n\n<p>Le cabinet est situ\u00e9 au 27, rue Pressens\u00e9 \u00e0 Leforest, en rez de chauss\u00e9e. Il est adapt\u00e9 aux personnes \u00e0 mobilit\u00e9 r\u00e9duite. Un parking public se situe \u00e0 une cinquantaine de m\u00e8tres. La gare de Leforest se trouve \u00e0 une vingtaine de minutes de marche. <\/p>\n\n\n\n<p>D&rsquo;autres professionnels exercent au m\u00eame endroit : sophrologue (Laetitia BLONDEL), ergoth\u00e9rapeutes (Sophie DABLEMONT), infirmier (Maxence NUEZ), head spa (Sol\u00e8ne MATHON).<\/p>\n\n\n\n<p>Adeli : 629312893    SIREN : 539 555 276 00028<\/p>\n\n\n<p><strong>Tarification<\/strong><\/p>\n<p>Consulter un psychologue clinicien n\u2019est pas rembours\u00e9 par la S\u00e9curit\u00e9 Sociale, \u00e0 moins qu&rsquo;il n&rsquo;ait int\u00e9gr\u00e9 le dispositif \u00ab\u00a0mon psy\u00a0\u00bb, ce qui n&rsquo;est pas notre cas.<\/p>\n<p>N\u00e9anmoins, certaines <strong>mutuelles<\/strong> (pour les particuliers, mais aussi pour les entreprises) ou certains\u00a0 contrats d\u2019assurance (v\u00e9hicule, habitation, accident de la vie&#8230;) proposent en fonction des garanties souscrites un remboursement forfaitaire.\u00a0<\/p>\n<p>Vous pouvez vous rapprocher de votre <strong>employeur<\/strong> en cas d&rsquo;\u00e9v\u00e9nements survenus dans le cadre professionnel (accident de travail, maladie professionnelle).<\/p>\n<p><strong>L&rsquo;Aide sociale \u00e0 l&rsquo;enfance et le conseil d\u00e9partemental<\/strong> fournissent parfois des aides pour des consultations psychologiques pour enfants. Les adultes peuvent \u00e9ventuellement b\u00e9n\u00e9ficier d\u2019aide financi\u00e8re par leur commune\u00a0 (<strong>CCAS<\/strong>\u2026) ou exceptionnellement par la <strong>caisse primaire d\u2019assurance maladie<\/strong>.<\/p>\n<p>L&rsquo;aide d&rsquo;un.e <strong>assistant.e social.e<\/strong> ou d&rsquo;un.e juriste, par exemple dans une <strong>association<\/strong> (France-victime, CIDFF&#8230;) pourra vous \u00eatre utile .<\/p>\n\n\n<p><\/p>\n\n\n\n<figure class=\"wp-block-image size-large\"><img loading=\"lazy\" decoding=\"async\" width=\"1024\" height=\"768\" src=\"http:\/\/hdpsycho.fr\/wp-content\/uploads\/2024\/02\/IMG_5734-1024x768.jpeg\" alt=\"\" class=\"wp-image-285\" srcset=\"https:\/\/opsymum.fr\/wp-content\/uploads\/2024\/02\/IMG_5734-1024x768.jpeg 1024w, https:\/\/opsymum.fr\/wp-content\/uploads\/2024\/02\/IMG_5734-300x225.jpeg 300w, https:\/\/opsymum.fr\/wp-content\/uploads\/2024\/02\/IMG_5734-768x576.jpeg 768w, https:\/\/opsymum.fr\/wp-content\/uploads\/2024\/02\/IMG_5734-1536x1152.jpeg 1536w, https:\/\/opsymum.fr\/wp-content\/uploads\/2024\/02\/IMG_5734-2048x1536.jpeg 2048w\" sizes=\"auto, (max-width: 1024px) 100vw, 1024px\" \/><\/figure>\n\n\n\n<figure class=\"wp-block-image size-large\"><img loading=\"lazy\" decoding=\"async\" width=\"1024\" height=\"768\" src=\"https:\/\/hdpsycho.fr\/wp-content\/uploads\/2025\/09\/IMG_9635-1024x768.jpeg\" alt=\"\" class=\"wp-image-343\" srcset=\"https:\/\/opsymum.fr\/wp-content\/uploads\/2025\/09\/IMG_9635-1024x768.jpeg 1024w, https:\/\/opsymum.fr\/wp-content\/uploads\/2025\/09\/IMG_9635-300x225.jpeg 300w, https:\/\/opsymum.fr\/wp-content\/uploads\/2025\/09\/IMG_9635-768x576.jpeg 768w, https:\/\/opsymum.fr\/wp-content\/uploads\/2025\/09\/IMG_9635-1536x1152.jpeg 1536w, https:\/\/opsymum.fr\/wp-content\/uploads\/2025\/09\/IMG_9635-2048x1536.jpeg 2048w\" sizes=\"auto, (max-width: 1024px) 100vw, 1024px\" \/><\/figure>\n","protected":false},"excerpt":{"rendered":"<p>Mobile : +33 613555413 Mail : contact@opsymum.fr Le cabinet est situ\u00e9 au 27, rue Pressens\u00e9 \u00e0 Leforest, en rez de chauss\u00e9e. Il est adapt\u00e9 aux &hellip;<\/p>\n","protected":false},"author":1,"featured_media":0,"parent":0,"menu_order":0,"comment_status":"closed","ping_status":"closed","template":"","meta":{"footnotes":""},"class_list":["post-118","page","type-page","status-publish","hentry"],"_links":{"self":[{"href":"https:\/\/opsymum.fr\/index.php\/wp-json\/wp\/v2\/pages\/118","targetHints":{"allow":["GET"]}}],"collection":[{"href":"https:\/\/opsymum.fr\/index.php\/wp-json\/wp\/v2\/pages"}],"about":[{"href":"https:\/\/opsymum.fr\/index.php\/wp-json\/wp\/v2\/types\/page"}],"author":[{"embeddable":true,"href":"https:\/\/opsymum.fr\/index.php\/wp-json\/wp\/v2\/users\/1"}],"replies":[{"embeddable":true,"href":"https:\/\/opsymum.fr\/index.php\/wp-json\/wp\/v2\/comments?post=118"}],"version-history":[{"count":15,"href":"https:\/\/opsymum.fr\/index.php\/wp-json\/wp\/v2\/pages\/118\/revisions"}],"predecessor-version":[{"id":384,"href":"https:\/\/opsymum.fr\/index.php\/wp-json\/wp\/v2\/pages\/118\/revisions\/384"}],"wp:attachment":[{"href":"https:\/\/opsymum.fr\/index.php\/wp-json\/wp\/v2\/media?parent=118"}],"curies":[{"name":"wp","href":"https:\/\/api.w.org\/{rel}","templated":true}]}}