{"id":32,"date":"2017-01-04T22:20:47","date_gmt":"2017-01-04T21:20:47","guid":{"rendered":"http:\/\/hdpsycho.fr\/?page_id=32"},"modified":"2025-08-31T15:20:07","modified_gmt":"2025-08-31T13:20:07","slug":"deontologie","status":"publish","type":"page","link":"https:\/\/opsymum.fr\/index.php\/deontologie\/","title":{"rendered":"D\u00e9ontologie"},"content":{"rendered":"<blockquote><p><img loading=\"lazy\" decoding=\"async\" class=\"alignnone size-medium wp-image-193 alignright\" src=\"http:\/\/hdpsycho.fr\/wp-content\/uploads\/2017\/01\/ethique-300x300.jpg\" alt=\"\" width=\"300\" height=\"300\" srcset=\"https:\/\/opsymum.fr\/wp-content\/uploads\/2017\/01\/ethique-300x300.jpg 300w, https:\/\/opsymum.fr\/wp-content\/uploads\/2017\/01\/ethique-150x150.jpg 150w, https:\/\/opsymum.fr\/wp-content\/uploads\/2017\/01\/ethique-768x765.jpg 768w, https:\/\/opsymum.fr\/wp-content\/uploads\/2017\/01\/ethique.jpg 900w\" sizes=\"auto, (max-width: 300px) 100vw, 300px\" \/><\/p>\n<p>Les psychologues sont tenus de respecter les principes suivants dans l\u2019exercice de leur profession, aupr\u00e8s de leurs patients, coll\u00e8gues, \u00e9tudiants :\u00a0\u00a0 &#8211; respect de la personne\u00a0 &#8211; comp\u00e9tence\u00a0\u00a0 &#8211; responsabilit\u00e9\u00a0 &#8211; probit\u00e9\u00a0 &#8211; qualit\u00e9 scientifique\u00a0 &#8211; respect du but assign\u00e9\u00a0 &#8211; ind\u00e9pendance professionnelle.<\/p>\n<p>Cliquez pour en savoir plus : <a href=\"https:\/\/www.codededeontologiedespsychologues.fr\/2021\/05\/20\/code-de-deontologie-des-psychologues-2021\/\">CODE DE DEONTOLOGIE DES PSYCHOLOGUES<\/a><\/p><\/blockquote>\n<p><strong>Le secret professionnel<\/strong><\/p>\n<ul>\n<li>Le Code P\u00e9nal oblige les psychologues \u00e0 conserver rigoureusement le secret au sujet de ce qu\u2019ils peuvent entendre ou observer dans le cadre de leur profession.<\/li>\n<li>Les psychologues ont l\u2019obligation de lever le secret uniquement en situation d\u2019assistance \u00e0 personne en danger.<\/li>\n<li>Ils ont le droit de d\u00e9roger au secret en cas de r\u00e9v\u00e9lation de mauvais traitements sur personnes vuln\u00e9rables (mineurs, personnes en situation de handicap, personnes \u00e2g\u00e9es&#8230;).<\/li>\n<\/ul>\n<blockquote><p><strong>Le titre de psychologue<\/strong><\/p>\n<p>Il est prot\u00e9g\u00e9 par la loi (<a href=\"https:\/\/www.legifrance.gouv.fr\/affichTexteArticle.do?idArticle=LEGIARTI000006756923&amp;cidTexte=JORFTEXT000000317523\"><strong>article 44 de la loi 85-772 du 25 Juillet 1985<\/strong><\/a>) qui requiert entre autre une formation universitaire de haut niveau en psychologie.<\/p>\n<p><a href=\"https:\/\/www.legifrance.gouv.fr\/affichTexteArticle.do?idArticle=LEGIARTI000006756923&amp;cidTexte=JORFTEXT000000317523\">Cliquez pour en savoir plus.<\/a><\/p><\/blockquote>\n","protected":false},"excerpt":{"rendered":"<p>Les psychologues sont tenus de respecter les principes suivants dans l\u2019exercice de leur profession, aupr\u00e8s de leurs patients, coll\u00e8gues, \u00e9tudiants :\u00a0\u00a0 &#8211; respect de la &hellip;<\/p>\n","protected":false},"author":1,"featured_media":0,"parent":0,"menu_order":0,"comment_status":"closed","ping_status":"closed","template":"","meta":{"footnotes":""},"class_list":["post-32","page","type-page","status-publish","hentry"],"_links":{"self":[{"href":"https:\/\/opsymum.fr\/index.php\/wp-json\/wp\/v2\/pages\/32","targetHints":{"allow":["GET"]}}],"collection":[{"href":"https:\/\/opsymum.fr\/index.php\/wp-json\/wp\/v2\/pages"}],"about":[{"href":"https:\/\/opsymum.fr\/index.php\/wp-json\/wp\/v2\/types\/page"}],"author":[{"embeddable":true,"href":"https:\/\/opsymum.fr\/index.php\/wp-json\/wp\/v2\/users\/1"}],"replies":[{"embeddable":true,"href":"https:\/\/opsymum.fr\/index.php\/wp-json\/wp\/v2\/comments?post=32"}],"version-history":[{"count":10,"href":"https:\/\/opsymum.fr\/index.php\/wp-json\/wp\/v2\/pages\/32\/revisions"}],"predecessor-version":[{"id":338,"href":"https:\/\/opsymum.fr\/index.php\/wp-json\/wp\/v2\/pages\/32\/revisions\/338"}],"wp:attachment":[{"href":"https:\/\/opsymum.fr\/index.php\/wp-json\/wp\/v2\/media?parent=32"}],"curies":[{"name":"wp","href":"https:\/\/api.w.org\/{rel}","templated":true}]}}