{"id":33,"date":"2017-01-04T22:20:47","date_gmt":"2017-01-04T21:20:47","guid":{"rendered":"http:\/\/hdpsycho.fr\/?page_id=33"},"modified":"2026-01-02T21:57:31","modified_gmt":"2026-01-02T20:57:31","slug":"accueil","status":"publish","type":"page","link":"https:\/\/opsymum.fr\/","title":{"rendered":"Accueil"},"content":{"rendered":"\n<p><strong><mark style=\"background-color:#E9B44C\" class=\"has-inline-color\">Mon champ de comp\u00e9tences<\/mark><\/strong><\/p>\n\n\n\n<blockquote class=\"wp-block-quote is-layout-flow wp-block-quote-is-layout-flow\">\n<p>J\u2019accompagne des personnes (majeures ou mineures) et des organisations expos\u00e9es \u00e0 des d\u00e9fis ou de l&rsquo;adversit\u00e9.<\/p>\n\n\n\n<p>Il peut s&rsquo;agir de situation de deuil ou de <a href=\"http:\/\/hdpsycho.fr\/index.php\/stress-trauma\/\">trauma<\/a> \u00e0 la suite d\u2019accidents ou de violences physiques, sexuelles ou psychiques, dans divers contextes (conjugal, familial, scolaire, professionnel, domaine public, internet).<\/p>\n<\/blockquote>\n\n\n\n<blockquote class=\"wp-block-quote is-layout-flow wp-block-quote-is-layout-flow\">\n<p>J&rsquo;accompagne \u00e9galement des sportifs et sportives, des dirigeant.e.s et des artistes vers plus de bien-\u00eatre et de performance dans leur pratique.<\/p>\n\n\n\n<p>J&rsquo;ai exerc\u00e9 la fonction d&rsquo;expert judiciaire aupr\u00e8s de la Cour d&rsquo;appel de Douai et celle de ma\u00eetre de conf\u00e9rences associ\u00e9 \u00e0 l\u2019<a href=\"https:\/\/www.univ-lille.fr\/\" target=\"_blank\" rel=\"noopener noreferrer\">Universit\u00e9 de Lille, <\/a>o\u00f9 j\u2019ai enseign\u00e9 la psychotraumatologie, la psychologie clinique et la psychologie du d\u00e9veloppement de l\u2019enfant et de l\u2019adolescent aupr\u00e8s de futurs psychologues et \u00e9ducateurs sp\u00e9cialis\u00e9s.<\/p>\n\n\n\n<p><strong><mark style=\"background-color:#E9B44C\" class=\"has-inline-color has-sitetext-color\">Mon parcours <\/mark><\/strong><\/p>\n\n\n\n<p>J&rsquo;ai obtenu le titre de psychologue en 2002. Je me suis ensuite sp\u00e9cialis\u00e9 avec plusieurs dipl\u00f4mes universitaires en victimologie clinique (<a href=\"https:\/\/u-paris.fr\/\">Universit\u00e9 Paris Descartes &#8211; Facult\u00e9 de M\u00e9decine L\u00e9gale et de Droit M\u00e9dical<\/a>), en psychologie l\u00e9gale, en expertise psychologique, en pr\u00e9paration mentale et psychologie du sportif (<a href=\"https:\/\/www.univ-lille.fr\/\">Universit\u00e9 de Lille<\/a>). Je me suis form\u00e9 \u00e0 partir 2011 pour devenir praticien accr\u00e9dit\u00e9 <a href=\"https:\/\/www.emdr-europe.org\/\">EMDR Europe<\/a> (<a href=\"https:\/\/www.emdr-france.org\/fr\">EMDR France<\/a>, <a href=\"https:\/\/emdr-belgium.be\/fr\/\">EMDR Belgique<\/a>, <a href=\"https:\/\/emdrcanada.ca\/\">EMDR Canada<\/a>). J&rsquo;ai particip\u00e9 \u00e0 des formations sur la qualit\u00e9 de vie au travail et sur les risques psychosociaux anim\u00e9es par <a href=\"https:\/\/www.inrs.fr\/risques\/psychosociaux\/ce-qu-il-faut-retenir.html\" data-type=\"link\" data-id=\"https:\/\/www.inrs.fr\/risques\/psychosociaux\/ce-qu-il-faut-retenir.html\">l&rsquo;INRS<\/a>, <a href=\"https:\/\/www.carsat-hdf.fr\/home.html\" data-type=\"link\" data-id=\"https:\/\/www.carsat-hdf.fr\/home.html\">la CARSAT<\/a>, <a href=\"https:\/\/www.anact.fr\/\" data-type=\"link\" data-id=\"https:\/\/www.anact.fr\/\">l&rsquo;ANACT<\/a>. J&rsquo;ai exerc\u00e9 en milieux carc\u00e9ral, hospitalier, associatif et en cabinet priv\u00e9 aupr\u00e8s d&rsquo;enfants, d&rsquo;adolescents et d&rsquo;adultes.<\/p>\n\n\n\n<figure class=\"wp-block-image size-large\"><img loading=\"lazy\" decoding=\"async\" width=\"1024\" height=\"398\" src=\"https:\/\/opsymum.fr\/wp-content\/uploads\/2026\/01\/LOGO-praticien-accredite-1024x398.png\" alt=\"\" class=\"wp-image-411\" srcset=\"https:\/\/opsymum.fr\/wp-content\/uploads\/2026\/01\/LOGO-praticien-accredite-1024x398.png 1024w, https:\/\/opsymum.fr\/wp-content\/uploads\/2026\/01\/LOGO-praticien-accredite-300x117.png 300w, https:\/\/opsymum.fr\/wp-content\/uploads\/2026\/01\/LOGO-praticien-accredite-768x298.png 768w, https:\/\/opsymum.fr\/wp-content\/uploads\/2026\/01\/LOGO-praticien-accredite-1536x597.png 1536w, https:\/\/opsymum.fr\/wp-content\/uploads\/2026\/01\/LOGO-praticien-accredite-2048x796.png 2048w, https:\/\/opsymum.fr\/wp-content\/uploads\/2026\/01\/LOGO-praticien-accredite-583x226.png 583w\" sizes=\"auto, (max-width: 1024px) 100vw, 1024px\" \/><\/figure>\n<\/blockquote>\n\n\n\n<figure class=\"wp-block-image size-large\"><img loading=\"lazy\" decoding=\"async\" width=\"1024\" height=\"768\" src=\"http:\/\/hdpsycho.fr\/wp-content\/uploads\/2024\/02\/IMG_5737-1024x768.jpeg\" alt=\"\" class=\"wp-image-283\" srcset=\"https:\/\/opsymum.fr\/wp-content\/uploads\/2024\/02\/IMG_5737-1024x768.jpeg 1024w, https:\/\/opsymum.fr\/wp-content\/uploads\/2024\/02\/IMG_5737-300x225.jpeg 300w, https:\/\/opsymum.fr\/wp-content\/uploads\/2024\/02\/IMG_5737-768x576.jpeg 768w, https:\/\/opsymum.fr\/wp-content\/uploads\/2024\/02\/IMG_5737-1536x1152.jpeg 1536w, https:\/\/opsymum.fr\/wp-content\/uploads\/2024\/02\/IMG_5737-2048x1536.jpeg 2048w\" sizes=\"auto, (max-width: 1024px) 100vw, 1024px\" \/><\/figure>\n\n\n\n<figure class=\"wp-block-image size-large\"><img loading=\"lazy\" decoding=\"async\" width=\"1024\" height=\"768\" src=\"https:\/\/hdpsycho.fr\/wp-content\/uploads\/2025\/12\/IMG_1122-1024x768.jpeg\" alt=\"\" class=\"wp-image-367\" srcset=\"https:\/\/opsymum.fr\/wp-content\/uploads\/2025\/12\/IMG_1122-1024x768.jpeg 1024w, https:\/\/opsymum.fr\/wp-content\/uploads\/2025\/12\/IMG_1122-300x225.jpeg 300w, https:\/\/opsymum.fr\/wp-content\/uploads\/2025\/12\/IMG_1122-768x576.jpeg 768w, https:\/\/opsymum.fr\/wp-content\/uploads\/2025\/12\/IMG_1122-1536x1152.jpeg 1536w, https:\/\/opsymum.fr\/wp-content\/uploads\/2025\/12\/IMG_1122-2048x1536.jpeg 2048w\" sizes=\"auto, (max-width: 1024px) 100vw, 1024px\" \/><\/figure>\n","protected":false},"excerpt":{"rendered":"<p>Mon champ de comp\u00e9tences J\u2019accompagne des personnes (majeures ou mineures) et des organisations expos\u00e9es \u00e0 des d\u00e9fis ou de l&rsquo;adversit\u00e9. Il peut s&rsquo;agir de situation &hellip;<\/p>\n","protected":false},"author":1,"featured_media":0,"parent":0,"menu_order":0,"comment_status":"closed","ping_status":"closed","template":"","meta":{"footnotes":""},"class_list":["post-33","page","type-page","status-publish","hentry"],"_links":{"self":[{"href":"https:\/\/opsymum.fr\/index.php\/wp-json\/wp\/v2\/pages\/33","targetHints":{"allow":["GET"]}}],"collection":[{"href":"https:\/\/opsymum.fr\/index.php\/wp-json\/wp\/v2\/pages"}],"about":[{"href":"https:\/\/opsymum.fr\/index.php\/wp-json\/wp\/v2\/types\/page"}],"author":[{"embeddable":true,"href":"https:\/\/opsymum.fr\/index.php\/wp-json\/wp\/v2\/users\/1"}],"replies":[{"embeddable":true,"href":"https:\/\/opsymum.fr\/index.php\/wp-json\/wp\/v2\/comments?post=33"}],"version-history":[{"count":34,"href":"https:\/\/opsymum.fr\/index.php\/wp-json\/wp\/v2\/pages\/33\/revisions"}],"predecessor-version":[{"id":417,"href":"https:\/\/opsymum.fr\/index.php\/wp-json\/wp\/v2\/pages\/33\/revisions\/417"}],"wp:attachment":[{"href":"https:\/\/opsymum.fr\/index.php\/wp-json\/wp\/v2\/media?parent=33"}],"curies":[{"name":"wp","href":"https:\/\/api.w.org\/{rel}","templated":true}]}}